{"id":919,"date":"2022-04-18T21:28:35","date_gmt":"2022-04-18T18:28:35","guid":{"rendered":"https:\/\/dev4.develope.fi\/dev\/hpcommerce\/?post_type=product&#038;p=919"},"modified":"2022-04-26T22:46:43","modified_gmt":"2022-04-26T19:46:43","slug":"koneet-kiertoon-vantaa","status":"publish","type":"product","link":"https:\/\/dev4.develope.fi\/dev\/hpcommerce\/?product=koneet-kiertoon-vantaa","title":{"rendered":"Koneet Kiertoon (Vantaa)"},"content":{"rendered":"","protected":false},"excerpt":{"rendered":"<p><strong>Kuvassa yritt\u00e4j\u00e4 Eero L\u00e4hde<\/strong><\/p>\n<p><span style=\"color: #0000ff;\"><a style=\"color: #0000ff;\" href=\"https:\/\/www.koneetkiertoon.fi\/\">https:\/\/www.koneetkiertoon.fi\/<\/a><\/span><\/p>\n<p>VANTAA<br \/>\nMyymme p\u00e4\u00e4asiassa k\u00e4ytettyj\u00e4, huollettuja ja puhdistettuja yritysten k\u00e4yt\u00f6st\u00e4 poistettuja kannettavia tietokoneita. N\u00e4m\u00e4 k\u00e4ytetyt yritysl\u00e4pp\u00e4rit ovat erinomaisia hinta-laatusuhteeltaan my\u00f6s opiskelijalle. Suosituimmat k\u00e4ytetyt tietokoneet ovat yleens\u00e4 Lenovo Thinkpad -sarjan l\u00e4pp\u00e4reit\u00e4, joissa on l\u00e4ht\u00f6kohtaisesti panostettu vahvuuteen.<\/p>\n<p>Valikoimastamme l\u00f6ytyy my\u00f6s muita koneita , alkaen satasella kevyeen k\u00e4ytt\u00f6\u00f6n . tutustu valikoimaan<br \/>\nVERKKOKAUPASSA tai tule k\u00e4ym\u00e4\u00e4n MYYM\u00c4L\u00c4SS\u00c4 niin voimme palvella sinua<br \/>\nhenkil\u00f6kohtaisesti<\/p>\n<p><strong>Palvelut<\/strong><\/p>\n<p>Matkapuhelimien (apple iPhone ym.), tietokoneiden (Playstation \/PS, ja Xbox ,YLOD<br \/>\n,HDMI-liit\u00e4nn\u00e4t ym.) ,konsoleiden , kannettavien huollot. Tietojen palautukset ja, talteenotot hajonneista tietokoneista. K\u00e4ytt\u00f6j\u00e4rjestelmien korjaukset. N\u00e4ytt\u00f6jen vaihdot, akun ja latausliitinten vaihto ym.<\/p>\n<p>TERVETULOA OSTOKSILLE, KAUPUNGIN HALVIMMAT HINNAT<\/p>\n<p><strong>YHTEYSTIEDOT<\/strong><\/p>\n<p><span style=\"color: #0000ff;\">Virpikuja 5<\/span><br \/>\n<span style=\"color: #0000ff;\">Vantaa<\/span><br \/>\n<span style=\"color: #0000ff;\">041 3118096<\/span><br \/>\n<span style=\"color: #0000ff;\">myynti@koneetkiertoon.fi<\/span><br \/>\n<span style=\"color: #0000ff;\">https:\/\/www.koneetkiertoon.fi\/<\/span><\/p>\n","protected":false},"featured_media":0,"comment_status":"open","ping_status":"closed","template":"","meta":[],"product_brand":[],"product_cat":[22],"product_tag":[],"class_list":{"0":"post-919","1":"product","2":"type-product","3":"status-publish","5":"product_cat-edut","7":"first","8":"instock","9":"shipping-taxable","10":"product-type-simple"},"_links":{"self":[{"href":"https:\/\/dev4.develope.fi\/dev\/hpcommerce\/index.php?rest_route=\/wp\/v2\/product\/919","targetHints":{"allow":["GET"]}}],"collection":[{"href":"https:\/\/dev4.develope.fi\/dev\/hpcommerce\/index.php?rest_route=\/wp\/v2\/product"}],"about":[{"href":"https:\/\/dev4.develope.fi\/dev\/hpcommerce\/index.php?rest_route=\/wp\/v2\/types\/product"}],"replies":[{"embeddable":true,"href":"https:\/\/dev4.develope.fi\/dev\/hpcommerce\/index.php?rest_route=%2Fwp%2Fv2%2Fcomments&post=919"}],"wp:attachment":[{"href":"https:\/\/dev4.develope.fi\/dev\/hpcommerce\/index.php?rest_route=%2Fwp%2Fv2%2Fmedia&parent=919"}],"wp:term":[{"taxonomy":"product_brand","embeddable":true,"href":"https:\/\/dev4.develope.fi\/dev\/hpcommerce\/index.php?rest_route=%2Fwp%2Fv2%2Fproduct_brand&post=919"},{"taxonomy":"product_cat","embeddable":true,"href":"https:\/\/dev4.develope.fi\/dev\/hpcommerce\/index.php?rest_route=%2Fwp%2Fv2%2Fproduct_cat&post=919"},{"taxonomy":"product_tag","embeddable":true,"href":"https:\/\/dev4.develope.fi\/dev\/hpcommerce\/index.php?rest_route=%2Fwp%2Fv2%2Fproduct_tag&post=919"}],"curies":[{"name":"wp","href":"https:\/\/api.w.org\/{rel}","templated":true}]}}