{"id":924,"date":"2022-04-19T00:33:39","date_gmt":"2022-04-18T21:33:39","guid":{"rendered":"https:\/\/dev4.develope.fi\/dev\/hpcommerce\/?post_type=product&#038;p=924"},"modified":"2022-04-26T22:46:17","modified_gmt":"2022-04-26T19:46:17","slug":"nolite-uusimaa-oy","status":"publish","type":"product","link":"https:\/\/dev4.develope.fi\/dev\/hpcommerce\/?product=nolite-uusimaa-oy","title":{"rendered":"Nolite Uusimaa Oy"},"content":{"rendered":"","protected":false},"excerpt":{"rendered":"<p><strong>Kuvassa Tj, Juha Lamberg<\/strong><\/p>\n<p><span style=\"color: #0000ff;\"><a style=\"color: #0000ff;\" href=\"https:\/\/www.nolite.fi\/\">https:\/\/www.nolite.fi\/<\/a><\/span><\/p>\n<p>Talotekniikan ammattilaiset!<br \/>\nRakennusautomaatiourakointia vankalla kokemuksella.<br \/>\nTalotekniikan kaikki palvelut saman katon alta.<\/p>\n<p><strong>Toteutamme automaatioj\u00e4rjestelm\u00e4si:<\/strong><\/p>\n<p>&#8211; optimoinnit<br \/>\n&#8211; energians\u00e4\u00e4st\u00f6projektit<br \/>\n&#8211; energiaseurannat<br \/>\n&#8211; integroinnit<br \/>\n&#8211; Kuntoarviot \/ -kartoitukset<br \/>\n&#8211; J\u00e4rjestelm\u00e4saneeraukset<\/p>\n<p><strong>Palvelut:<\/strong><\/p>\n<p>&#8211; Rakennusautomaatiourakoiden valvonta<br \/>\n&#8211; Konsultointi<br \/>\n&#8211; Vastaanottopalvelut<br \/>\n&#8211; Langaton IoT anturointi<br \/>\n&#8211; RAU-pilvivalvomot<br \/>\n&#8211; Automaatiosuunnittelu<\/p>\n<p>Olemme virallinen TREND SYSTEMS TECHNOLOGY PARTNER<br \/>\nKiinteist\u00f6jen ja teollisuuden automaatioj\u00e4rjestelmien varaosat, huollot ja korjaukset<\/p>\n<p><strong>Yhteystiedot<\/strong><\/p>\n<p><span style=\"color: #0000ff;\">Nolite Uusimaa Oy<\/span><br \/>\n<span style=\"color: #0000ff;\">Konttipolku 2<\/span><br \/>\n<span style=\"color: #0000ff;\">03620 Karkkila<\/span><br \/>\n<span style=\"color: #0000ff;\">Toimitusjohtaja:<\/span><br \/>\n<span style=\"color: #0000ff;\">Juha Lamberg<\/span><br \/>\n<span style=\"color: #0000ff;\">040-5218271<\/span><br \/>\n<span style=\"color: #0000ff;\">https:\/\/www.nolite.fi\/<\/span><\/p>\n","protected":false},"featured_media":0,"comment_status":"open","ping_status":"closed","template":"","meta":[],"product_brand":[],"product_cat":[22],"product_tag":[],"class_list":{"0":"post-924","1":"product","2":"type-product","3":"status-publish","5":"product_cat-edut","7":"first","8":"instock","9":"shipping-taxable","10":"product-type-simple"},"_links":{"self":[{"href":"https:\/\/dev4.develope.fi\/dev\/hpcommerce\/index.php?rest_route=\/wp\/v2\/product\/924","targetHints":{"allow":["GET"]}}],"collection":[{"href":"https:\/\/dev4.develope.fi\/dev\/hpcommerce\/index.php?rest_route=\/wp\/v2\/product"}],"about":[{"href":"https:\/\/dev4.develope.fi\/dev\/hpcommerce\/index.php?rest_route=\/wp\/v2\/types\/product"}],"replies":[{"embeddable":true,"href":"https:\/\/dev4.develope.fi\/dev\/hpcommerce\/index.php?rest_route=%2Fwp%2Fv2%2Fcomments&post=924"}],"wp:attachment":[{"href":"https:\/\/dev4.develope.fi\/dev\/hpcommerce\/index.php?rest_route=%2Fwp%2Fv2%2Fmedia&parent=924"}],"wp:term":[{"taxonomy":"product_brand","embeddable":true,"href":"https:\/\/dev4.develope.fi\/dev\/hpcommerce\/index.php?rest_route=%2Fwp%2Fv2%2Fproduct_brand&post=924"},{"taxonomy":"product_cat","embeddable":true,"href":"https:\/\/dev4.develope.fi\/dev\/hpcommerce\/index.php?rest_route=%2Fwp%2Fv2%2Fproduct_cat&post=924"},{"taxonomy":"product_tag","embeddable":true,"href":"https:\/\/dev4.develope.fi\/dev\/hpcommerce\/index.php?rest_route=%2Fwp%2Fv2%2Fproduct_tag&post=924"}],"curies":[{"name":"wp","href":"https:\/\/api.w.org\/{rel}","templated":true}]}}