{"id":925,"date":"2022-04-19T00:37:01","date_gmt":"2022-04-18T21:37:01","guid":{"rendered":"https:\/\/dev4.develope.fi\/dev\/hpcommerce\/?post_type=product&#038;p=925"},"modified":"2022-04-19T00:39:52","modified_gmt":"2022-04-18T21:39:52","slug":"panssarikolonna-oy","status":"publish","type":"product","link":"https:\/\/dev4.develope.fi\/dev\/hpcommerce\/?product=panssarikolonna-oy","title":{"rendered":"Panssarikolonna Oy"},"content":{"rendered":"","protected":false},"excerpt":{"rendered":"<p><strong>KUVASSA YRITT\u00c4J\u00c4 TIMO TAPONEN<\/strong><\/p>\n<p><span style=\"color: #0000ff;\"><a style=\"color: #0000ff;\" href=\"http:\/\/www.panssarikolonna.fi\">http:\/\/www.panssarikolonna.fi<\/a><\/span><\/p>\n<p>Jokainen Riihim\u00e4ell\u00e4 sijaitsevan Panssarikolonnan toteuttama el\u00e4mys on<br \/>\ntoiminnant\u00e4ytteinen yksityistilaisuus.<\/p>\n<p>Vaunun hallintalaitteet on helppo oppia ja ennakkotietoja tai kokemusta vastaavista<br \/>\nlaitteista ei tarvita.<\/p>\n<p>Ajamaan p\u00e4\u00e4sev\u00e4t kaikki seuraavat kriteerit t\u00e4ytt\u00e4v\u00e4t henkil\u00f6t:<br \/>\nyli 15 vuotta ik\u00e4\u00e4, pituus v\u00e4lilt\u00e4 150-195cm, 0 promillea.<\/p>\n<p>J\u00e4rjest\u00e4mme erilaisia r\u00e4\u00e4t\u00e4l\u00f6ityj\u00e4 tilaisuuksia Yksityisille ,Yrityksille ja erilaisille ryhmille<br \/>\nesim. Syntt\u00e4ri sankareille, Polttariporukoille ym.vastaaville.. Lahjakortti sopii hyvin<br \/>\nesimerkiksi h\u00e4\u00e4lahjaksi tai syntym\u00e4p\u00e4iv\u00e4lahjaksi ja on mainio tapa palkita yrityksesi<br \/>\nkunnostautunut ty\u00f6ntekij\u00e4.<\/p>\n<p>Sivustoltamme voit valita mieleisesi vaihtoehdon, joita ovat<br \/>\nesim. Ajotunti,Parihaaste, Raskaan sarjan ajopaketti , Polttaripaketti, Syntt\u00e4ripaketti, Paintball-<br \/>\ntaistelupaketti ja erilaisia yrityspaketteja<\/p>\n<p>TERVETULOA VIIHTYM\u00c4\u00c4N J\u00c4RISYTT\u00c4VIEN EL\u00c4MYSTEN PARIIN<\/p>\n<p><strong>YHTEYSTIEDOT:<\/strong><\/p>\n<p><span style=\"color: #0000ff;\">Kynttil\u00e4tie 9 Riihim\u00e4ki<\/span><br \/>\n<span style=\"color: #0000ff;\">Web-sivu:<\/span><br \/>\n<span style=\"color: #0000ff;\">www.panssarikolonna.fi<\/span><\/p>\n","protected":false},"featured_media":0,"comment_status":"open","ping_status":"closed","template":"","meta":[],"product_brand":[],"product_cat":[22],"product_tag":[],"class_list":{"0":"post-925","1":"product","2":"type-product","3":"status-publish","5":"product_cat-edut","7":"first","8":"instock","9":"shipping-taxable","10":"product-type-simple"},"_links":{"self":[{"href":"https:\/\/dev4.develope.fi\/dev\/hpcommerce\/index.php?rest_route=\/wp\/v2\/product\/925","targetHints":{"allow":["GET"]}}],"collection":[{"href":"https:\/\/dev4.develope.fi\/dev\/hpcommerce\/index.php?rest_route=\/wp\/v2\/product"}],"about":[{"href":"https:\/\/dev4.develope.fi\/dev\/hpcommerce\/index.php?rest_route=\/wp\/v2\/types\/product"}],"replies":[{"embeddable":true,"href":"https:\/\/dev4.develope.fi\/dev\/hpcommerce\/index.php?rest_route=%2Fwp%2Fv2%2Fcomments&post=925"}],"wp:attachment":[{"href":"https:\/\/dev4.develope.fi\/dev\/hpcommerce\/index.php?rest_route=%2Fwp%2Fv2%2Fmedia&parent=925"}],"wp:term":[{"taxonomy":"product_brand","embeddable":true,"href":"https:\/\/dev4.develope.fi\/dev\/hpcommerce\/index.php?rest_route=%2Fwp%2Fv2%2Fproduct_brand&post=925"},{"taxonomy":"product_cat","embeddable":true,"href":"https:\/\/dev4.develope.fi\/dev\/hpcommerce\/index.php?rest_route=%2Fwp%2Fv2%2Fproduct_cat&post=925"},{"taxonomy":"product_tag","embeddable":true,"href":"https:\/\/dev4.develope.fi\/dev\/hpcommerce\/index.php?rest_route=%2Fwp%2Fv2%2Fproduct_tag&post=925"}],"curies":[{"name":"wp","href":"https:\/\/api.w.org\/{rel}","templated":true}]}}