{"id":927,"date":"2022-04-19T00:55:08","date_gmt":"2022-04-18T21:55:08","guid":{"rendered":"https:\/\/dev4.develope.fi\/dev\/hpcommerce\/?post_type=product&#038;p=927"},"modified":"2022-04-25T20:00:26","modified_gmt":"2022-04-25T17:00:26","slug":"koneet-kiertoon-tampere","status":"publish","type":"product","link":"https:\/\/dev4.develope.fi\/dev\/hpcommerce\/?product=koneet-kiertoon-tampere","title":{"rendered":"Koneet Kiertoon (Tampere)"},"content":{"rendered":"","protected":false},"excerpt":{"rendered":"<p dir=\"ltr\"><strong>Kuvassa yritt\u00e4j\u00e4 EERO L\u00c4HDE<\/strong><\/p>\n<p dir=\"ltr\"><span style=\"color: #0000ff;\"><a style=\"color: #0000ff;\" href=\"https:\/\/www.koneetkiertoon.fi\/\">https:\/\/www.koneetkiertoon.fi\/<\/a><\/span><\/p>\n<p dir=\"ltr\">Myym\u00e4l\u00e4mme on Tampereella aivan Tammelan ja Kalevan rajalla.<\/p>\n<p dir=\"ltr\">Myymme p\u00e4\u00e4asiassa k\u00e4ytettyj\u00e4, huollettuja ja puhdistettuja yritysten k\u00e4yt\u00f6st\u00e4 poistettuja kannettavia tietokoneita. N\u00e4m\u00e4 k\u00e4ytetyt yritysl\u00e4pp\u00e4rit ovat erinomaisia hinta-laatusuhteeltaan my\u00f6s opiskelijalle.<\/p>\n<p dir=\"ltr\">Koneet Kiertoon Oy:n myym\u00e4t k\u00e4ytetyt tietokoneet ja k\u00e4ytetyt yrityskannettavat ovat p\u00e4\u00e4s\u00e4\u00e4nt\u00f6isesti eritt\u00e4in luotettavia tietokoneita, joiden rakenne on selv\u00e4sti tukevampi kuin normaalissa kuluttajakannettavassa. Ne ovat tehokkaita ja pitk\u00e4ik\u00e4isi\u00e4, ja huoltomme on tarkastanut kaikki l\u00e4pp\u00e4rit toimivaksi.<\/p>\n<p dir=\"ltr\">Suosituimmat k\u00e4ytetyt tietokoneet ovat yleens\u00e4 Lenovo Thinkpad -sarjan l\u00e4pp\u00e4reit\u00e4, joissa on l\u00e4ht\u00f6kohtaisesti panostettu vahvuuteen. Valikoimastamme l\u00f6ytyy my\u00f6s muita koneita , alkaen satasella kevyeen k\u00e4ytt\u00f6\u00f6n . tutustu valikoimaan VERKKOKAUPASSA tai tule k\u00e4ym\u00e4\u00e4n MYYM\u00c4L\u00c4SS\u00c4 niin voimme palvella sinua henkil\u00f6kohtaisesti.<\/p>\n<p dir=\"ltr\"><strong>Palvelut<\/strong><\/p>\n<p dir=\"ltr\">Matkapuhelimien(apple iPhone ym.) ,tietokoneiden (Playstation \/PS ,ja Xbox ,YLOD ,HDMI-liit\u00e4nn\u00e4t ym.) ,konsoleiden , kannettavien huollot. Tietojen palautukset ja ,talteenotot hajonneista tietokoneista . K\u00e5ytt\u00f6j\u00e4rjestelmien korjaukset . N\u00e5ytt\u00f6jen vaihdot ,akun ja latausliitinten vaihto ym.<\/p>\n<p dir=\"ltr\">TERVETULOA OSTOKSILLE , KAUPUNGIN HALVIMMAT HINNAT<\/p>\n<blockquote><p><strong><span style=\"color: #000000;\">Yhteystiedot<\/span><\/strong><\/p><\/blockquote>\n<ul>\n<li dir=\"ltr\">\n<p dir=\"ltr\" role=\"presentation\"><span style=\"color: #0000ff;\">Kuninkaankatu 30 B<\/span><\/p>\n<\/li>\n<li dir=\"ltr\">\n<p dir=\"ltr\" role=\"presentation\"><span style=\"color: #0000ff;\">33500\u00a0 TAMPERE<\/span><\/p>\n<\/li>\n<li dir=\"ltr\">\n<p dir=\"ltr\" role=\"presentation\"><span style=\"color: #0000ff;\">044 982 1343\u00a0<\/span><\/p>\n<\/li>\n<li dir=\"ltr\">\n<p dir=\"ltr\" role=\"presentation\"><span style=\"color: #0000ff;\"><a style=\"color: #0000ff;\" href=\"mailto:myynti@koneetkiertoon.fi\" target=\"_blank\" rel=\"noopener\">myynti@koneetkiertoon.fi<\/a><\/span><\/p>\n<\/li>\n<li dir=\"ltr\"><span style=\"color: #0000ff;\"><a style=\"color: #0000ff;\" href=\"https:\/\/www.koneetkiertoon.fi\/\" target=\"_blank\" rel=\"noopener\" data-saferedirecturl=\"https:\/\/www.google.com\/url?q=https:\/\/www.koneetkiertoon.fi\/&amp;source=gmail&amp;ust=1650404976790000&amp;usg=AOvVaw3H7EXodWvQSmqpohin6KQV\">https:\/\/www.koneetkiertoon.fi\/<\/a><\/span><\/li>\n<\/ul>\n","protected":false},"featured_media":0,"comment_status":"open","ping_status":"closed","template":"","meta":[],"product_brand":[],"product_cat":[22],"product_tag":[],"class_list":{"0":"post-927","1":"product","2":"type-product","3":"status-publish","5":"product_cat-edut","7":"first","8":"instock","9":"shipping-taxable","10":"product-type-simple"},"_links":{"self":[{"href":"https:\/\/dev4.develope.fi\/dev\/hpcommerce\/index.php?rest_route=\/wp\/v2\/product\/927","targetHints":{"allow":["GET"]}}],"collection":[{"href":"https:\/\/dev4.develope.fi\/dev\/hpcommerce\/index.php?rest_route=\/wp\/v2\/product"}],"about":[{"href":"https:\/\/dev4.develope.fi\/dev\/hpcommerce\/index.php?rest_route=\/wp\/v2\/types\/product"}],"replies":[{"embeddable":true,"href":"https:\/\/dev4.develope.fi\/dev\/hpcommerce\/index.php?rest_route=%2Fwp%2Fv2%2Fcomments&post=927"}],"wp:attachment":[{"href":"https:\/\/dev4.develope.fi\/dev\/hpcommerce\/index.php?rest_route=%2Fwp%2Fv2%2Fmedia&parent=927"}],"wp:term":[{"taxonomy":"product_brand","embeddable":true,"href":"https:\/\/dev4.develope.fi\/dev\/hpcommerce\/index.php?rest_route=%2Fwp%2Fv2%2Fproduct_brand&post=927"},{"taxonomy":"product_cat","embeddable":true,"href":"https:\/\/dev4.develope.fi\/dev\/hpcommerce\/index.php?rest_route=%2Fwp%2Fv2%2Fproduct_cat&post=927"},{"taxonomy":"product_tag","embeddable":true,"href":"https:\/\/dev4.develope.fi\/dev\/hpcommerce\/index.php?rest_route=%2Fwp%2Fv2%2Fproduct_tag&post=927"}],"curies":[{"name":"wp","href":"https:\/\/api.w.org\/{rel}","templated":true}]}}